{"id":9,"date":"2025-11-27T00:30:28","date_gmt":"2025-11-27T00:30:28","guid":{"rendered":"https:\/\/pisckpl.cluster121.hosting.ovh.net\/?page_id=9"},"modified":"2025-12-01T14:53:33","modified_gmt":"2025-12-01T14:53:33","slug":"accueil","status":"publish","type":"page","link":"https:\/\/www.novilio.fr\/","title":{"rendered":"Accueil"},"content":{"rendered":"\n<div class=\"wp-block-group alignfull has-global-padding is-layout-constrained wp-container-core-group-is-layout-0c9c989a wp-block-group-is-layout-constrained\" style=\"min-height:0vh;margin-top:0;margin-bottom:0;padding-top:var(--wp--preset--spacing--70);padding-right:var(--wp--preset--spacing--40);padding-bottom:var(--wp--preset--spacing--70);padding-left:var(--wp--preset--spacing--40)\">\n<div class=\"wp-block-group has-global-padding is-layout-constrained wp-container-core-group-is-layout-346627ba wp-block-group-is-layout-constrained\">\n<h2 class=\"wp-block-heading has-text-align-center has-xx-large-font-size\" style=\"margin-right:0;margin-left:0;padding-right:0;padding-left:0\">Photographe immobilier \u00e0 Paris et petite couronne<\/h2>\n\n\n\n<p class=\"has-text-align-center\">Valorisez vos biens, vendez plus vite et plus cher.<\/p>\n\n\n\n<div class=\"wp-block-buttons is-content-justification-center is-layout-flex wp-container-core-buttons-is-layout-a89b3969 wp-block-buttons-is-layout-flex\">\n<div class=\"wp-block-button\"><a class=\"wp-block-button__link wp-element-button\" href=\"https:\/\/www.novilio.fr\/?page_id=74\">En apprendre davantage<\/a><\/div>\n<\/div>\n<\/div>\n<\/div>\n\n\n\n<div class=\"wp-block-group alignfull is-style-section-1 has-global-padding is-layout-constrained wp-block-group-is-layout-constrained is-style-section-1--1\" style=\"margin-top:0;margin-bottom:0;padding-top:var(--wp--preset--spacing--80);padding-bottom:var(--wp--preset--spacing--80)\">\n<div class=\"wp-block-columns alignwide is-layout-flex wp-container-core-columns-is-layout-66fad18a wp-block-columns-is-layout-flex\">\n<div class=\"wp-block-column has-global-padding is-layout-constrained wp-container-core-column-is-layout-0be64e95 wp-block-column-is-layout-constrained\" style=\"padding-right:var(--wp--preset--spacing--50);flex-basis:54.55%\">\n<figure class=\"wp-block-image alignfull size-full\"><img loading=\"lazy\" decoding=\"async\" width=\"2560\" height=\"1440\" src=\"https:\/\/www.novilio.fr\/wp-content\/uploads\/2025\/11\/Sans-titre-112-scaled.jpg\" alt=\"\" class=\"wp-image-15\" srcset=\"https:\/\/www.novilio.fr\/wp-content\/uploads\/2025\/11\/Sans-titre-112-scaled.jpg 2560w, https:\/\/www.novilio.fr\/wp-content\/uploads\/2025\/11\/Sans-titre-112-300x169.jpg 300w, https:\/\/www.novilio.fr\/wp-content\/uploads\/2025\/11\/Sans-titre-112-1024x576.jpg 1024w, https:\/\/www.novilio.fr\/wp-content\/uploads\/2025\/11\/Sans-titre-112-768x432.jpg 768w, https:\/\/www.novilio.fr\/wp-content\/uploads\/2025\/11\/Sans-titre-112-1536x864.jpg 1536w, https:\/\/www.novilio.fr\/wp-content\/uploads\/2025\/11\/Sans-titre-112-2048x1152.jpg 2048w\" sizes=\"auto, (max-width: 2560px) 100vw, 2560px\" \/><\/figure>\n<\/div>\n\n\n\n<div class=\"wp-block-column is-vertically-aligned-center is-layout-flow wp-block-column-is-layout-flow\" style=\"padding-right:0;padding-left:0;flex-basis:45.45%\">\n<div class=\"wp-block-group has-global-padding is-layout-constrained wp-block-group-is-layout-constrained\">\n<div class=\"wp-block-group is-vertical is-layout-flex wp-container-core-group-is-layout-fe9cc265 wp-block-group-is-layout-flex\">\n<h2 class=\"wp-block-heading is-style-text-annotation is-style-text-annotation--2\">\u00c0 notre <a href=\"https:\/\/www.novilio.fr\/?page_id=74\" data-type=\"link\" data-id=\"https:\/\/www.novilio.fr\/?page_id=74\">propos<\/a><\/h2>\n<\/div>\n\n\n\n<p class=\"is-style-text-subtitle is-style-text-subtitle--3\"><strong>Les 3 promesses Novilio Studio<\/strong><\/p>\n\n\n\n<ul class=\"wp-block-list\">\n<li><strong>Des photos qui captent l\u2019attention<\/strong><br>Des images lumineuses, compos\u00e9es et retouch\u00e9es pour maximiser l\u2019int\u00e9r\u00eat d\u00e8s les<br>premi\u00e8res secondes.<\/li>\n\n\n\n<li><strong>Davantage de contacts, plus de visites<\/strong><br>Un bien mis en valeur g\u00e9n\u00e8re jusqu\u2019\u00e0 2x plus de demandes.<\/li>\n\n\n\n<li><strong>Livraison rapide 24-48h<\/strong><br>Parce qu\u2019un bien en attente\u2026 ne se vend pas.<\/li>\n<\/ul>\n<\/div>\n<\/div>\n<\/div>\n<\/div>\n\n\n\n<div class=\"wp-block-group alignfull has-global-padding is-layout-constrained wp-container-core-group-is-layout-ebee8dc1 wp-block-group-is-layout-constrained\" style=\"margin-top:0;margin-bottom:0;padding-top:var(--wp--preset--spacing--50);padding-bottom:var(--wp--preset--spacing--50)\">\n<h2 class=\"wp-block-heading alignwide\">Un accompagnement personnalis\u00e9<\/h2>\n\n\n\n<div class=\"wp-block-columns alignwide is-layout-flex wp-container-core-columns-is-layout-28f84493 wp-block-columns-is-layout-flex\">\n<div class=\"wp-block-column is-layout-flow wp-block-column-is-layout-flow\">\n<figure class=\"wp-block-image size-full\" style=\"margin-bottom:24px\"><img loading=\"lazy\" decoding=\"async\" width=\"2560\" height=\"1440\" src=\"https:\/\/www.novilio.fr\/wp-content\/uploads\/2025\/12\/Sans-titre-100-scaled.jpg\" alt=\"\" class=\"wp-image-135\" style=\"aspect-ratio:4\/3;object-fit:cover\" srcset=\"https:\/\/www.novilio.fr\/wp-content\/uploads\/2025\/12\/Sans-titre-100-scaled.jpg 2560w, https:\/\/www.novilio.fr\/wp-content\/uploads\/2025\/12\/Sans-titre-100-300x169.jpg 300w, https:\/\/www.novilio.fr\/wp-content\/uploads\/2025\/12\/Sans-titre-100-1024x576.jpg 1024w, https:\/\/www.novilio.fr\/wp-content\/uploads\/2025\/12\/Sans-titre-100-768x432.jpg 768w, https:\/\/www.novilio.fr\/wp-content\/uploads\/2025\/12\/Sans-titre-100-1536x864.jpg 1536w, https:\/\/www.novilio.fr\/wp-content\/uploads\/2025\/12\/Sans-titre-100-2048x1152.jpg 2048w\" sizes=\"auto, (max-width: 2560px) 100vw, 2560px\" \/><\/figure>\n\n\n\n<h3 class=\"wp-block-heading\"><strong>Conseil<\/strong><\/h3>\n\n\n\n<p class=\"has-medium-font-size\">Nous vous aidons \u00e0 choisir les meilleurs angles et \u00e9clairages pour sublimer votre bien immobilier, en fonction de ses points forts.<\/p>\n<\/div>\n\n\n\n<div class=\"wp-block-column is-layout-flow wp-block-column-is-layout-flow\">\n<figure class=\"wp-block-image size-full\" style=\"margin-bottom:24px\"><img loading=\"lazy\" decoding=\"async\" width=\"2560\" height=\"1440\" src=\"https:\/\/www.novilio.fr\/wp-content\/uploads\/2025\/12\/retouchea_1-13-scaled.jpg\" alt=\"\" class=\"wp-image-136\" style=\"aspect-ratio:4\/3;object-fit:cover\" srcset=\"https:\/\/www.novilio.fr\/wp-content\/uploads\/2025\/12\/retouchea_1-13-scaled.jpg 2560w, https:\/\/www.novilio.fr\/wp-content\/uploads\/2025\/12\/retouchea_1-13-300x169.jpg 300w, https:\/\/www.novilio.fr\/wp-content\/uploads\/2025\/12\/retouchea_1-13-1024x576.jpg 1024w, https:\/\/www.novilio.fr\/wp-content\/uploads\/2025\/12\/retouchea_1-13-768x432.jpg 768w, https:\/\/www.novilio.fr\/wp-content\/uploads\/2025\/12\/retouchea_1-13-1536x864.jpg 1536w, https:\/\/www.novilio.fr\/wp-content\/uploads\/2025\/12\/retouchea_1-13-2048x1152.jpg 2048w\" sizes=\"auto, (max-width: 2560px) 100vw, 2560px\" \/><\/figure>\n\n\n\n<h3 class=\"wp-block-heading\"><strong>Adaptabilit\u00e9<\/strong><\/h3>\n\n\n\n<p class=\"has-medium-font-size\">Chaque projet est unique, et nous nous engageons \u00e0 m&#8217;adapter \u00e0 vos besoins sp\u00e9cifiques pour capturer l&#8217;essence de votre bien.<\/p>\n<\/div>\n\n\n\n<div class=\"wp-block-column is-layout-flow wp-block-column-is-layout-flow\">\n<figure class=\"wp-block-image size-full\" style=\"margin-bottom:24px\"><img loading=\"lazy\" decoding=\"async\" width=\"2560\" height=\"1440\" src=\"https:\/\/www.novilio.fr\/wp-content\/uploads\/2025\/12\/Sans-titre-111-scaled.jpg\" alt=\"\" class=\"wp-image-137\" style=\"aspect-ratio:4\/3;object-fit:cover\" srcset=\"https:\/\/www.novilio.fr\/wp-content\/uploads\/2025\/12\/Sans-titre-111-scaled.jpg 2560w, https:\/\/www.novilio.fr\/wp-content\/uploads\/2025\/12\/Sans-titre-111-300x169.jpg 300w, https:\/\/www.novilio.fr\/wp-content\/uploads\/2025\/12\/Sans-titre-111-1024x576.jpg 1024w, https:\/\/www.novilio.fr\/wp-content\/uploads\/2025\/12\/Sans-titre-111-768x432.jpg 768w, https:\/\/www.novilio.fr\/wp-content\/uploads\/2025\/12\/Sans-titre-111-1536x864.jpg 1536w, https:\/\/www.novilio.fr\/wp-content\/uploads\/2025\/12\/Sans-titre-111-2048x1152.jpg 2048w\" sizes=\"auto, (max-width: 2560px) 100vw, 2560px\" \/><\/figure>\n\n\n\n<h3 class=\"wp-block-heading\"><strong>Satisfaction<\/strong><\/h3>\n\n\n\n<p class=\"has-medium-font-size\">Notre objectif est de vous offrir des images qui d\u00e9passent vos attentes, pour valoriser votre bien et attirer davantage d&#8217;acheteurs ou locataires.<\/p>\n<\/div>\n<\/div>\n<\/div>\n\n\n\n<div class=\"wp-block-group alignfull has-accent-5-background-color has-background has-global-padding is-layout-constrained wp-block-group-is-layout-constrained\" style=\"margin-top:0;margin-bottom:0;padding-top:var(--wp--preset--spacing--60);padding-bottom:var(--wp--preset--spacing--60)\">\n<div class=\"wp-block-columns alignwide is-layout-flex wp-container-core-columns-is-layout-74b2cda3 wp-block-columns-is-layout-flex\">\n<div class=\"wp-block-column is-layout-flow wp-block-column-is-layout-flow\">\n<div class=\"wp-block-group is-vertical is-content-justification-left is-layout-flex wp-container-core-group-is-layout-f18f39d9 wp-block-group-is-layout-flex\" style=\"min-height:100%\">\n<h2 class=\"wp-block-heading is-style-text-annotation has-x-small-font-size is-style-text-annotation--4\">Notre devise<\/h2>\n\n\n\n<blockquote class=\"wp-block-quote is-style-plain has-xx-large-font-size is-layout-flow wp-container-core-quote-is-layout-9d14a5a7 wp-block-quote-is-layout-flow is-style-plain--5\" style=\"border-style:none;border-width:0px;border-radius:0px;padding-top:0;padding-bottom:0;font-style:normal;font-weight:400\">\n<div class=\"wp-block-group has-global-padding is-content-justification-left is-layout-constrained wp-container-core-group-is-layout-085bd3d9 wp-block-group-is-layout-constrained\" style=\"margin-top:0;margin-bottom:0;padding-top:0;padding-right:0;padding-bottom:0;padding-left:0\">\n<p class=\"has-text-align-left is-style-text-subtitle has-xx-large-font-size is-style-text-subtitle--6\" style=\"border-style:none;border-width:0px\">Chez Novilio Studio, tout est pens\u00e9 pour mettre en valeur votre bien et maximiser sa<br>performance en ligne.<\/p>\n<\/div>\n<\/blockquote>\n<\/div>\n<\/div>\n\n\n\n<div class=\"wp-block-column is-layout-flow wp-block-column-is-layout-flow\" style=\"padding-top:0;padding-right:0;padding-bottom:0;padding-left:0\">\n<figure class=\"wp-block-image size-large\"><img loading=\"lazy\" decoding=\"async\" width=\"1024\" height=\"791\" src=\"https:\/\/pisckpl.cluster121.hosting.ovh.net\/wp-content\/uploads\/2025\/11\/7-1024x791.png\" alt=\"\" class=\"wp-image-24\" style=\"aspect-ratio:1;object-fit:cover\" srcset=\"https:\/\/www.novilio.fr\/wp-content\/uploads\/2025\/11\/7-1024x791.png 1024w, https:\/\/www.novilio.fr\/wp-content\/uploads\/2025\/11\/7-300x232.png 300w, https:\/\/www.novilio.fr\/wp-content\/uploads\/2025\/11\/7-768x593.png 768w, https:\/\/www.novilio.fr\/wp-content\/uploads\/2025\/11\/7-1536x1187.png 1536w, https:\/\/www.novilio.fr\/wp-content\/uploads\/2025\/11\/7.png 2000w\" sizes=\"auto, (max-width: 1024px) 100vw, 1024px\" \/><\/figure>\n<\/div>\n<\/div>\n<\/div>\n\n\n\n<div class=\"wp-block-group alignfull has-global-padding is-layout-constrained wp-block-group-is-layout-constrained\" style=\"margin-top:0;margin-bottom:0;padding-top:var(--wp--preset--spacing--60);padding-bottom:var(--wp--preset--spacing--60)\">\n<h2 class=\"wp-block-heading alignwide has-text-align-center\">Prestations &amp; Tarifs<\/h2>\n\n\n\n<p class=\"has-text-align-center\">Des photos lumineuses, professionnelles, pr\u00eates \u00e0 publier, livr\u00e9es en 24 \u00e0 48 heures.<br><\/p>\n\n\n\n<div class=\"wp-block-columns alignwide is-layout-flex wp-container-core-columns-is-layout-1d9f35bd wp-block-columns-is-layout-flex\">\n<div class=\"wp-block-column has-border-color is-layout-flow wp-block-column-is-layout-flow\" style=\"border-color:var(--wp--preset--color--accent-6);border-width:1px;border-radius:10px;padding-top:var(--wp--preset--spacing--50);padding-right:var(--wp--preset--spacing--50);padding-bottom:var(--wp--preset--spacing--50);padding-left:var(--wp--preset--spacing--50)\">\n<h3 class=\"wp-block-heading\" id=\"free\"><strong>Pack Essentiel<\/strong><\/h3>\n\n\n\n<p class=\"has-large-font-size\"><strong><strong>96,00&nbsp;\u20ac<\/strong><\/strong> <strong>TTC<\/strong> (soit 80,00 \u20ac HT)<\/p>\n\n\n\n<ul style=\"padding-bottom:var(--wp--preset--spacing--20);padding-left:var(--wp--preset--spacing--20)\" class=\"wp-block-list is-style-checkmark-list has-small-font-size\">\n<li>Mise en valeur compl\u00e8te de chaque pi\u00e8ce<\/li>\n\n\n\n<li>Retouche premium (lumi\u00e8re, couleurs, verticales, nettet\u00e9)<\/li>\n\n\n\n<li>Photos HDR<\/li>\n\n\n\n<li>Livraison 24-48h<\/li>\n\n\n\n<li><strong>10 photos professionnelles<\/strong><\/li>\n<\/ul>\n\n\n\n<p><br><strong>Id\u00e9al pour les studios et T2.<\/strong><br><br><br><\/p>\n\n\n\n<div class=\"wp-block-buttons is-content-justification-center is-layout-flex wp-container-core-buttons-is-layout-a89b3969 wp-block-buttons-is-layout-flex\">\n<div class=\"wp-block-button has-custom-width wp-block-button__width-100\"><a class=\"wp-block-button__link wp-element-button\" href=\"https:\/\/www.novilio.fr\/?page_id=63\">Commander<\/a><\/div>\n<\/div>\n<\/div>\n\n\n\n<div class=\"wp-block-column has-border-color is-layout-flow wp-block-column-is-layout-flow\" style=\"border-color:var(--wp--preset--color--accent-6);border-width:1px;border-radius:10px;padding-top:var(--wp--preset--spacing--50);padding-right:var(--wp--preset--spacing--50);padding-bottom:var(--wp--preset--spacing--50);padding-left:var(--wp--preset--spacing--50)\">\n<h3 class=\"wp-block-heading\" id=\"single\"><strong>Pack Standard<\/strong><\/h3>\n\n\n\n<p class=\"has-large-font-size\"><strong><strong>144,00&nbsp;\u20ac<\/strong><\/strong> <strong>TTC<\/strong> (soit 120,00 \u20ac HT)<\/p>\n\n\n\n<ul style=\"padding-bottom:var(--wp--preset--spacing--20);padding-left:var(--wp--preset--spacing--20)\" class=\"wp-block-list is-style-checkmark-list has-small-font-size\">\n<li>Mise en valeur compl\u00e8te de chaque pi\u00e8ce<\/li>\n\n\n\n<li>Retouche premium (lumi\u00e8re, couleurs, verticales, nettet\u00e9)<\/li>\n\n\n\n<li>Photos HDR<\/li>\n\n\n\n<li>Livraison 24-48h<\/li>\n\n\n\n<li><strong>18 photos professionnelles<\/strong><\/li>\n<\/ul>\n\n\n\n<p>Le pack le plus demand\u00e9. Parfait pour la majorit\u00e9 des appartements ou maisons.<br><br><\/p>\n\n\n\n<div class=\"wp-block-buttons is-content-justification-center is-layout-flex wp-container-core-buttons-is-layout-a89b3969 wp-block-buttons-is-layout-flex\">\n<div class=\"wp-block-button has-custom-width wp-block-button__width-100\"><a class=\"wp-block-button__link wp-element-button\" href=\"https:\/\/www.novilio.fr\/?page_id=63\">Commander<\/a><\/div>\n<\/div>\n<\/div>\n\n\n\n<div class=\"wp-block-column has-border-color is-layout-flow wp-block-column-is-layout-flow\" style=\"border-color:var(--wp--preset--color--accent-6);border-width:1px;border-radius:10px;padding-top:var(--wp--preset--spacing--50);padding-right:var(--wp--preset--spacing--50);padding-bottom:var(--wp--preset--spacing--50);padding-left:var(--wp--preset--spacing--50)\">\n<h3 class=\"wp-block-heading\" id=\"single\"><strong>Pack Premium<\/strong><\/h3>\n\n\n\n<p class=\"has-large-font-size\"><strong><strong>192,00&nbsp;\u20ac<\/strong><\/strong> <strong>TTC<\/strong> (soit 160,00 \u20ac HT)<\/p>\n\n\n\n<ul style=\"padding-bottom:var(--wp--preset--spacing--20);padding-left:var(--wp--preset--spacing--20)\" class=\"wp-block-list is-style-checkmark-list has-small-font-size\">\n<li>Mise en valeur compl\u00e8te de chaque pi\u00e8ce<\/li>\n\n\n\n<li>Retouche premium (lumi\u00e8re, couleurs, verticales, nettet\u00e9)<\/li>\n\n\n\n<li>Photos HDR<\/li>\n\n\n\n<li>Livraison 24-48h<\/li>\n\n\n\n<li><strong>25 photos professionnelles<\/strong><\/li>\n<\/ul>\n\n\n\n<p>Pour un rendu haut de gamme, id\u00e9al pour les biens d\u2019exception ou les annonces qui doivent<br>vraiment se d\u00e9marquer.<\/p>\n\n\n\n<div class=\"wp-block-buttons is-content-justification-center is-layout-flex wp-container-core-buttons-is-layout-a89b3969 wp-block-buttons-is-layout-flex\">\n<div class=\"wp-block-button has-custom-width wp-block-button__width-100\"><a class=\"wp-block-button__link wp-element-button\" href=\"https:\/\/www.novilio.fr\/?page_id=63\">Commander<\/a><\/div>\n<\/div>\n<\/div>\n<\/div>\n<\/div>\n\n\n\n<p><\/p>\n","protected":false},"excerpt":{"rendered":"<p>Photographe immobilier \u00e0 Paris et petite couronne Valorisez vos biens, vendez plus vite et plus cher. \u00c0 notre propos Les 3 promesses Novilio Studio Un accompagnement personnalis\u00e9 Conseil Nous vous aidons \u00e0 choisir les meilleurs angles et \u00e9clairages pour sublimer votre bien immobilier, en fonction de ses points forts. Adaptabilit\u00e9 Chaque projet est unique, et [&hellip;]<\/p>\n","protected":false},"author":1,"featured_media":0,"parent":0,"menu_order":0,"comment_status":"closed","ping_status":"closed","template":"","meta":{"footnotes":""},"class_list":["post-9","page","type-page","status-publish","hentry"],"_links":{"self":[{"href":"https:\/\/www.novilio.fr\/index.php?rest_route=\/wp\/v2\/pages\/9","targetHints":{"allow":["GET"]}}],"collection":[{"href":"https:\/\/www.novilio.fr\/index.php?rest_route=\/wp\/v2\/pages"}],"about":[{"href":"https:\/\/www.novilio.fr\/index.php?rest_route=\/wp\/v2\/types\/page"}],"author":[{"embeddable":true,"href":"https:\/\/www.novilio.fr\/index.php?rest_route=\/wp\/v2\/users\/1"}],"replies":[{"embeddable":true,"href":"https:\/\/www.novilio.fr\/index.php?rest_route=%2Fwp%2Fv2%2Fcomments&post=9"}],"version-history":[{"count":51,"href":"https:\/\/www.novilio.fr\/index.php?rest_route=\/wp\/v2\/pages\/9\/revisions"}],"predecessor-version":[{"id":160,"href":"https:\/\/www.novilio.fr\/index.php?rest_route=\/wp\/v2\/pages\/9\/revisions\/160"}],"wp:attachment":[{"href":"https:\/\/www.novilio.fr\/index.php?rest_route=%2Fwp%2Fv2%2Fmedia&parent=9"}],"curies":[{"name":"wp","href":"https:\/\/api.w.org\/{rel}","templated":true}]}}