{"id":66,"date":"2025-11-27T00:30:39","date_gmt":"2025-11-27T00:30:39","guid":{"rendered":"https:\/\/www.novilio.fr\/?page_id=66"},"modified":"2025-12-01T14:52:39","modified_gmt":"2025-12-01T14:52:39","slug":"prestations-tarifs","status":"publish","type":"page","link":"https:\/\/www.novilio.fr\/?page_id=66","title":{"rendered":"Prestations &amp; Tarifs"},"content":{"rendered":"\n<div class=\"wp-block-group alignfull has-global-padding is-layout-constrained wp-block-group-is-layout-constrained\" style=\"margin-top:0;margin-bottom:0;padding-top:var(--wp--preset--spacing--60);padding-bottom:var(--wp--preset--spacing--60)\">\n<h2 class=\"wp-block-heading alignwide has-text-align-center\">Prestations &amp; Tarifs<\/h2>\n\n\n\n<p class=\"has-text-align-center\">Des photos lumineuses, professionnelles, pr\u00eates \u00e0 publier, livr\u00e9es en 24 \u00e0 48 heures.<br><\/p>\n\n\n\n<div class=\"wp-block-columns alignwide is-layout-flex wp-container-core-columns-is-layout-1d9f35bd wp-block-columns-is-layout-flex\">\n<div class=\"wp-block-column has-border-color is-layout-flow wp-block-column-is-layout-flow\" style=\"border-color:var(--wp--preset--color--accent-6);border-width:1px;border-radius:10px;padding-top:var(--wp--preset--spacing--50);padding-right:var(--wp--preset--spacing--50);padding-bottom:var(--wp--preset--spacing--50);padding-left:var(--wp--preset--spacing--50)\">\n<h3 class=\"wp-block-heading\" id=\"free\"><strong>Pack Essentiel<\/strong><\/h3>\n\n\n\n<p class=\"has-large-font-size\"><strong><strong>96,00\u00a0\u20ac<\/strong><\/strong> <strong>TTC<\/strong> (soit 80,00 \u20ac HT)<\/p>\n\n\n\n<ul style=\"padding-bottom:var(--wp--preset--spacing--20);padding-left:var(--wp--preset--spacing--20)\" class=\"wp-block-list is-style-checkmark-list has-small-font-size\">\n<li>Mise en valeur compl\u00e8te de chaque pi\u00e8ce<\/li>\n\n\n\n<li>Retouche premium (lumi\u00e8re, couleurs, verticales, nettet\u00e9)<\/li>\n\n\n\n<li>Photos HDR<\/li>\n\n\n\n<li>Livraison 24-48h<\/li>\n\n\n\n<li><strong>10 photos professionnelles<\/strong><\/li>\n<\/ul>\n\n\n\n<p><br><strong>Id\u00e9al pour les studios et T2.<\/strong><br><br><br><\/p>\n\n\n\n<div class=\"wp-block-buttons is-content-justification-center is-layout-flex wp-container-core-buttons-is-layout-a89b3969 wp-block-buttons-is-layout-flex\">\n<div class=\"wp-block-button has-custom-width wp-block-button__width-100\"><a class=\"wp-block-button__link wp-element-button\" href=\"https:\/\/www.novilio.fr\/?page_id=63\">Commander<\/a><\/div>\n<\/div>\n<\/div>\n\n\n\n<div class=\"wp-block-column has-border-color is-layout-flow wp-block-column-is-layout-flow\" style=\"border-color:var(--wp--preset--color--accent-6);border-width:1px;border-radius:10px;padding-top:var(--wp--preset--spacing--50);padding-right:var(--wp--preset--spacing--50);padding-bottom:var(--wp--preset--spacing--50);padding-left:var(--wp--preset--spacing--50)\">\n<h3 class=\"wp-block-heading\" id=\"single\"><strong>Pack Standard<\/strong><\/h3>\n\n\n\n<p class=\"has-large-font-size\"><strong><strong>144,00\u00a0\u20ac<\/strong><\/strong> <strong>TTC<\/strong> (soit 120,00 \u20ac HT)<\/p>\n\n\n\n<ul style=\"padding-bottom:var(--wp--preset--spacing--20);padding-left:var(--wp--preset--spacing--20)\" class=\"wp-block-list is-style-checkmark-list has-small-font-size\">\n<li>Mise en valeur compl\u00e8te de chaque pi\u00e8ce<\/li>\n\n\n\n<li>Retouche premium (lumi\u00e8re, couleurs, verticales, nettet\u00e9)<\/li>\n\n\n\n<li>Photos HDR<\/li>\n\n\n\n<li>Livraison 24-48h<\/li>\n\n\n\n<li><strong>18 photos professionnelles<\/strong><\/li>\n<\/ul>\n\n\n\n<p>Le pack le plus demand\u00e9. Parfait pour la majorit\u00e9 des appartements ou maisons.<br><br><\/p>\n\n\n\n<div class=\"wp-block-buttons is-content-justification-center is-layout-flex wp-container-core-buttons-is-layout-a89b3969 wp-block-buttons-is-layout-flex\">\n<div class=\"wp-block-button has-custom-width wp-block-button__width-100\"><a class=\"wp-block-button__link wp-element-button\" href=\"https:\/\/www.novilio.fr\/?page_id=63\">Commander<\/a><\/div>\n<\/div>\n<\/div>\n\n\n\n<div class=\"wp-block-column has-border-color is-layout-flow wp-block-column-is-layout-flow\" style=\"border-color:var(--wp--preset--color--accent-6);border-width:1px;border-radius:10px;padding-top:var(--wp--preset--spacing--50);padding-right:var(--wp--preset--spacing--50);padding-bottom:var(--wp--preset--spacing--50);padding-left:var(--wp--preset--spacing--50)\">\n<h3 class=\"wp-block-heading\" id=\"single\"><strong>Pack Premium<\/strong><\/h3>\n\n\n\n<p class=\"has-large-font-size\"><strong><strong>192,00\u00a0\u20ac<\/strong><\/strong> <strong>TTC<\/strong> (soit 160,00 \u20ac HT)<\/p>\n\n\n\n<ul style=\"padding-bottom:var(--wp--preset--spacing--20);padding-left:var(--wp--preset--spacing--20)\" class=\"wp-block-list is-style-checkmark-list has-small-font-size\">\n<li>Mise en valeur compl\u00e8te de chaque pi\u00e8ce<\/li>\n\n\n\n<li>Retouche premium (lumi\u00e8re, couleurs, verticales, nettet\u00e9)<\/li>\n\n\n\n<li>Photos HDR<\/li>\n\n\n\n<li>Livraison 24-48h<\/li>\n\n\n\n<li><strong>25 photos professionnelles<\/strong><\/li>\n<\/ul>\n\n\n\n<p>Pour un rendu haut de gamme, id\u00e9al pour les biens d\u2019exception ou les annonces qui doivent<br>vraiment se d\u00e9marquer.<\/p>\n\n\n\n<div class=\"wp-block-buttons is-content-justification-center is-layout-flex wp-container-core-buttons-is-layout-a89b3969 wp-block-buttons-is-layout-flex\">\n<div class=\"wp-block-button has-custom-width wp-block-button__width-100\"><a class=\"wp-block-button__link wp-element-button\" href=\"https:\/\/www.novilio.fr\/?page_id=63\">Commander<\/a><\/div>\n<\/div>\n<\/div>\n<\/div>\n<\/div>\n\n\n\n<p><\/p>\n","protected":false},"excerpt":{"rendered":"<p>Prestations &amp; Tarifs Des photos lumineuses, professionnelles, pr\u00eates \u00e0 publier, livr\u00e9es en 24 \u00e0 48 heures. Pack Essentiel 96,00\u00a0\u20ac TTC (soit 80,00 \u20ac HT) Id\u00e9al pour les studios et T2. Pack Standard 144,00\u00a0\u20ac TTC (soit 120,00 \u20ac HT) Le pack le plus demand\u00e9. Parfait pour la majorit\u00e9 des appartements ou maisons. Pack Premium 192,00\u00a0\u20ac TTC [&hellip;]<\/p>\n","protected":false},"author":1,"featured_media":0,"parent":0,"menu_order":0,"comment_status":"closed","ping_status":"closed","template":"","meta":{"footnotes":""},"class_list":["post-66","page","type-page","status-publish","hentry"],"_links":{"self":[{"href":"https:\/\/www.novilio.fr\/index.php?rest_route=\/wp\/v2\/pages\/66","targetHints":{"allow":["GET"]}}],"collection":[{"href":"https:\/\/www.novilio.fr\/index.php?rest_route=\/wp\/v2\/pages"}],"about":[{"href":"https:\/\/www.novilio.fr\/index.php?rest_route=\/wp\/v2\/types\/page"}],"author":[{"embeddable":true,"href":"https:\/\/www.novilio.fr\/index.php?rest_route=\/wp\/v2\/users\/1"}],"replies":[{"embeddable":true,"href":"https:\/\/www.novilio.fr\/index.php?rest_route=%2Fwp%2Fv2%2Fcomments&post=66"}],"version-history":[{"count":11,"href":"https:\/\/www.novilio.fr\/index.php?rest_route=\/wp\/v2\/pages\/66\/revisions"}],"predecessor-version":[{"id":159,"href":"https:\/\/www.novilio.fr\/index.php?rest_route=\/wp\/v2\/pages\/66\/revisions\/159"}],"wp:attachment":[{"href":"https:\/\/www.novilio.fr\/index.php?rest_route=%2Fwp%2Fv2%2Fmedia&parent=66"}],"curies":[{"name":"wp","href":"https:\/\/api.w.org\/{rel}","templated":true}]}}