{"id":118,"date":"2025-11-27T18:18:07","date_gmt":"2025-11-27T18:18:07","guid":{"rendered":"https:\/\/www.novilio.fr\/?page_id=118"},"modified":"2025-12-01T14:59:43","modified_gmt":"2025-12-01T14:59:43","slug":"mentions-legales","status":"publish","type":"page","link":"https:\/\/www.novilio.fr\/?page_id=118","title":{"rendered":"Mentions l\u00e9gales"},"content":{"rendered":"\n<p class=\"has-xx-large-font-size\"><strong>Mentions l\u00e9gales<\/strong><\/p>\n\n\n\n<p class=\"has-small-font-size\">EI Clara Gillot-Roux<br>SIRET : 95121690200019<br>N\u00b0 TVA: FR55951216902<br>Email : contact@novilio.fr<br><br>Ce site est h\u00e9berg\u00e9 par OVH SAS 2 rue Kellermann &#8211; 59100 Roubaix &#8211; France<br><\/p>\n\n\n\n<p><strong>Donn\u00e9es personnelles<\/strong><\/p>\n\n\n\n<p class=\"has-small-font-size\">D&#8217;une fa\u00e7on g\u00e9n\u00e9rale, vous pouvez visiter notre site sur Internet sans avoir \u00e0 d\u00e9cliner votre identit\u00e9 et \u00e0 fournir des informations personnelles vous concernant. Vos coordonn\u00e9es seront demand\u00e9s lors d&#8217;une demande de prestation afin de pouvoir vous contacter mais ne seront pas r\u00e9utiliser en dehors de ce cadre.<\/p>\n\n\n\n<p><strong>Donn\u00e9es personnelles<\/strong><\/p>\n\n\n\n<p class=\"has-small-font-size\">D&#8217;une fa\u00e7on g\u00e9n\u00e9rale, vous pouvez visiter notre site sur Internet sans avoir \u00e0 d\u00e9cliner votre identit\u00e9 et \u00e0 fournir des informations personnelles vous concernant. Vos coordonn\u00e9es seront demand\u00e9s lors d&#8217;une demande de prestation afin de pouvoir vous contacter mais ne seront pas r\u00e9utiliser en dehors de ce cadre.<\/p>\n\n\n\n<p><strong>Cookies<\/strong><\/p>\n\n\n\n<p class=\"has-small-font-size\">Aucun cookies n&#8217;est collect\u00e9s \u00e0 des fins d&#8217;analyse du site.<\/p>\n\n\n\n<p><\/p>\n","protected":false},"excerpt":{"rendered":"<p>Mentions l\u00e9gales EI Clara Gillot-RouxSIRET : 95121690200019N\u00b0 TVA: FR55951216902Email : contact@novilio.fr Ce site est h\u00e9berg\u00e9 par OVH SAS 2 rue Kellermann &#8211; 59100 Roubaix &#8211; France Donn\u00e9es personnelles D&#8217;une fa\u00e7on g\u00e9n\u00e9rale, vous pouvez visiter notre site sur Internet sans avoir \u00e0 d\u00e9cliner votre identit\u00e9 et \u00e0 fournir des informations personnelles vous concernant. Vos coordonn\u00e9es seront [&hellip;]<\/p>\n","protected":false},"author":1,"featured_media":0,"parent":0,"menu_order":0,"comment_status":"closed","ping_status":"closed","template":"","meta":{"footnotes":""},"class_list":["post-118","page","type-page","status-publish","hentry"],"_links":{"self":[{"href":"https:\/\/www.novilio.fr\/index.php?rest_route=\/wp\/v2\/pages\/118","targetHints":{"allow":["GET"]}}],"collection":[{"href":"https:\/\/www.novilio.fr\/index.php?rest_route=\/wp\/v2\/pages"}],"about":[{"href":"https:\/\/www.novilio.fr\/index.php?rest_route=\/wp\/v2\/types\/page"}],"author":[{"embeddable":true,"href":"https:\/\/www.novilio.fr\/index.php?rest_route=\/wp\/v2\/users\/1"}],"replies":[{"embeddable":true,"href":"https:\/\/www.novilio.fr\/index.php?rest_route=%2Fwp%2Fv2%2Fcomments&post=118"}],"version-history":[{"count":14,"href":"https:\/\/www.novilio.fr\/index.php?rest_route=\/wp\/v2\/pages\/118\/revisions"}],"predecessor-version":[{"id":166,"href":"https:\/\/www.novilio.fr\/index.php?rest_route=\/wp\/v2\/pages\/118\/revisions\/166"}],"wp:attachment":[{"href":"https:\/\/www.novilio.fr\/index.php?rest_route=%2Fwp%2Fv2%2Fmedia&parent=118"}],"curies":[{"name":"wp","href":"https:\/\/api.w.org\/{rel}","templated":true}]}}