{"id":115,"date":"2025-11-27T18:17:56","date_gmt":"2025-11-27T18:17:56","guid":{"rendered":"https:\/\/www.novilio.fr\/?page_id=115"},"modified":"2025-12-01T15:00:00","modified_gmt":"2025-12-01T15:00:00","slug":"conditions-generales","status":"publish","type":"page","link":"https:\/\/www.novilio.fr\/?page_id=115","title":{"rendered":"Conditions g\u00e9n\u00e9rales"},"content":{"rendered":"\n<p class=\"has-xx-large-font-size\"><strong>Conditions g\u00e9n\u00e9rales<\/strong><\/p>\n\n\n\n<p class=\"has-small-font-size\"><strong>L&#8217;ensemble des prestations sont pr\u00e9sent\u00e9es et d\u00e9taill\u00e9es dans la page &#8220;Prestations &amp; Tarifs&#8221;. <\/strong><\/p>\n\n\n\n<p class=\"has-small-font-size\">Cette page comprends :<\/p>\n\n\n\n<ul class=\"wp-block-list\">\n<li class=\"has-small-font-size\">Caract\u00e9ristiques essentielles des services<\/li>\n\n\n\n<li class=\"has-small-font-size\">Prix TTC en euros<\/li>\n\n\n\n<li class=\"has-small-font-size\">Frais, date et modalit\u00e9s de livraison<\/li>\n<\/ul>\n\n\n\n<p class=\"has-small-font-size\"><strong>Modalit\u00e9s de paiement&nbsp;<\/strong><br>Virement bancaire et liquide sont accept\u00e9s.<br>Paiement sous 14j \u00e0 compter de la livraison des photos.<\/p>\n\n\n\n<p class=\"has-small-font-size\"><strong>Droit de r\u00e9tractation<\/strong><br>24h avant le rendez-vous pour la prise de vue du bien.<\/p>\n\n\n\n<p><\/p>\n","protected":false},"excerpt":{"rendered":"<p>Conditions g\u00e9n\u00e9rales L&#8217;ensemble des prestations sont pr\u00e9sent\u00e9es et d\u00e9taill\u00e9es dans la page &#8220;Prestations &amp; Tarifs&#8221;. Cette page comprends : Modalit\u00e9s de paiement&nbsp;Virement bancaire et liquide sont accept\u00e9s.Paiement sous 14j \u00e0 compter de la livraison des photos. Droit de r\u00e9tractation24h avant le rendez-vous pour la prise de vue du bien.<\/p>\n","protected":false},"author":1,"featured_media":0,"parent":0,"menu_order":0,"comment_status":"closed","ping_status":"closed","template":"","meta":{"footnotes":""},"class_list":["post-115","page","type-page","status-publish","hentry"],"_links":{"self":[{"href":"https:\/\/www.novilio.fr\/index.php?rest_route=\/wp\/v2\/pages\/115","targetHints":{"allow":["GET"]}}],"collection":[{"href":"https:\/\/www.novilio.fr\/index.php?rest_route=\/wp\/v2\/pages"}],"about":[{"href":"https:\/\/www.novilio.fr\/index.php?rest_route=\/wp\/v2\/types\/page"}],"author":[{"embeddable":true,"href":"https:\/\/www.novilio.fr\/index.php?rest_route=\/wp\/v2\/users\/1"}],"replies":[{"embeddable":true,"href":"https:\/\/www.novilio.fr\/index.php?rest_route=%2Fwp%2Fv2%2Fcomments&post=115"}],"version-history":[{"count":8,"href":"https:\/\/www.novilio.fr\/index.php?rest_route=\/wp\/v2\/pages\/115\/revisions"}],"predecessor-version":[{"id":167,"href":"https:\/\/www.novilio.fr\/index.php?rest_route=\/wp\/v2\/pages\/115\/revisions\/167"}],"wp:attachment":[{"href":"https:\/\/www.novilio.fr\/index.php?rest_route=%2Fwp%2Fv2%2Fmedia&parent=115"}],"curies":[{"name":"wp","href":"https:\/\/api.w.org\/{rel}","templated":true}]}}